{"id":21,"date":"2026-01-28T09:42:59","date_gmt":"2026-01-28T08:42:59","guid":{"rendered":"https:\/\/therapianaturalis.wordpress.com\/?page_id=21"},"modified":"2026-04-18T18:06:15","modified_gmt":"2026-04-18T16:06:15","slug":"o-mnie","status":"publish","type":"page","link":"https:\/\/therapianaturalis.com\/?page_id=21","title":{"rendered":"O mnie"},"content":{"rendered":"\n<div class=\"wp-block-group alignfull is-style-section-3 has-global-padding is-content-justification-center is-layout-constrained wp-block-group-is-layout-constrained\" style=\"margin-top:0;margin-bottom:0;padding-top:var(--wp--preset--spacing--40);padding-bottom:var(--wp--preset--spacing--40)\">\n<div class=\"wp-block-group alignwide has-global-padding is-layout-constrained wp-block-group-is-layout-constrained\">\n<div class=\"wp-block-columns alignwide are-vertically-aligned-center is-layout-flex wp-container-core-columns-is-layout-08c01c1c wp-block-columns-is-layout-flex\">\n<div class=\"wp-block-column is-vertically-aligned-center has-global-padding is-content-justification-left is-layout-constrained wp-container-core-column-is-layout-8aae6cd0 wp-block-column-is-layout-constrained\">\n<p>Nazywam si\u0119 Monika Briand. <\/p>\n\n\n\n<p>Z wykszta\u0142cenia magister in\u017cynier \u015brodowiska na Akademii G\u00f3rniczo-Hutniczej (AGH) w Krakowie, natomiast z pasji naturopata oraz fitoterapeuta.<\/p>\n\n\n\n<p>Terapie naturopatyczne dysponuj\u0105 rozleg\u0142\u0105, nieustannie rozwijan\u0105 baz\u0105 wiedzy. Pog\u0142\u0119biam swoje kompetencje, korzystaj\u0105c z literatury naukowej, bada\u0144 klinicznych oraz specjalistycznych szkole\u0144 dotycz\u0105cych naturalnego wspierania fascynuj\u0105cego systemu naczy\u0144 po\u0142\u0105czonych, jakim jest nasz organizm. Obejmuj\u0105 one m.in. post\u0119powanie dietetyczne i psychosomatyk\u0119 chor\u00f3b. <\/p>\n\n\n\n<div class=\"wp-block-buttons is-layout-flex wp-block-buttons-is-layout-flex\"><\/div>\n<\/div>\n\n\n\n<div class=\"wp-block-column is-layout-flow wp-block-column-is-layout-flow\">\n<p class=\"has-primary-color has-text-color has-link-color wp-elements-bae0e67f8776375d8a1b9aae615b8a17\">Potwierdzenie kwalifikacji zawodowych:<\/p>\n\n\n\n<p>. Egzamin w zawodzie Naturopata (Izba Rzemie\u015blnicza, 2026)<\/p>\n\n\n\n<p class=\"has-primary-color has-text-color has-link-color wp-elements-fc415dad80171d88da140b617ab5f543\">Cz\u0142onkostwo:<\/p>\n\n\n\n<p>. Polskie Towarzystwo Zielarzy i Fitoterapeut\u00f3w (PTZiF)<\/p>\n\n\n\n<p class=\"has-primary-color has-text-color has-link-color wp-elements-206f9d1fe0891a1ffbfb4c3090ad3992\">Dyplomy:<\/p>\n\n\n\n<p>. 2026 | Studia podyplomowe: Psychodietetyka | Akademia Nauk Spo\u0142ecznych i Medycznych w Lublinie (ANSiM) (w trakcie)<\/p>\n\n\n\n<p class=\"wp-container-content-8eb0bdf3\">. 2024 &#8211; 2025 | Kurs zawodowy: Naturopata | Polska Akademia Medycyny Naturalnej i Fitoterapii | Dodatkowe szkolenia: Post\u0119powanie dietetyczne w chorobach przewlek\u0142ych, Aromaterapia<\/p>\n\n\n\n<p class=\"wp-container-content-8eb0bdf3\">. 2022 &#8211; 2023 | Kurs zawodowy: Zielarz &#8211; Fitoterapeuta | Polska Akademia Medycyny Naturalnej i Fitoterapii<\/p>\n\n\n\n<p class=\"has-primary-color has-text-color has-link-color wp-elements-03fd30b6c0c33423e2643037f7a35553 wp-container-content-8eb0bdf3\">Dodatkowe szkolenia, mi\u0119dzy innymi:<\/p>\n\n\n\n<p>. Akademia Alchemilium | Fitoterapia chor\u00f3b uk\u0142adu kr\u0105\u017cenia w oparciu o badania kliniczne<\/p>\n<\/div>\n<\/div>\n<\/div>\n<\/div>\n\n\n\n<p><\/p>\n","protected":false},"excerpt":{"rendered":"<p>Nazywam si\u0119 Monika Briand. Z wykszta\u0142cenia magister in\u017cynier \u015brodowiska na Akademii G\u00f3rniczo-Hutniczej (AGH) w Krakowie, natomiast z pasji naturopata oraz fitoterapeuta. Terapie naturopatyczne dysponuj\u0105 rozleg\u0142\u0105, nieustannie rozwijan\u0105 baz\u0105 wiedzy. Pog\u0142\u0119biam swoje kompetencje, korzystaj\u0105c z literatury naukowej, bada\u0144 klinicznych oraz specjalistycznych szkole\u0144 dotycz\u0105cych naturalnego wspierania fascynuj\u0105cego systemu naczy\u0144 po\u0142\u0105czonych, jakim jest nasz organizm. Obejmuj\u0105 one m.in. [&hellip;]<\/p>\n","protected":false},"author":2,"featured_media":0,"parent":0,"menu_order":0,"comment_status":"closed","ping_status":"closed","template":"","meta":{"footnotes":""},"class_list":["post-21","page","type-page","status-publish","hentry"],"_links":{"self":[{"href":"https:\/\/therapianaturalis.com\/index.php?rest_route=\/wp\/v2\/pages\/21","targetHints":{"allow":["GET"]}}],"collection":[{"href":"https:\/\/therapianaturalis.com\/index.php?rest_route=\/wp\/v2\/pages"}],"about":[{"href":"https:\/\/therapianaturalis.com\/index.php?rest_route=\/wp\/v2\/types\/page"}],"author":[{"embeddable":true,"href":"https:\/\/therapianaturalis.com\/index.php?rest_route=\/wp\/v2\/users\/2"}],"replies":[{"embeddable":true,"href":"https:\/\/therapianaturalis.com\/index.php?rest_route=%2Fwp%2Fv2%2Fcomments&post=21"}],"version-history":[{"count":50,"href":"https:\/\/therapianaturalis.com\/index.php?rest_route=\/wp\/v2\/pages\/21\/revisions"}],"predecessor-version":[{"id":562,"href":"https:\/\/therapianaturalis.com\/index.php?rest_route=\/wp\/v2\/pages\/21\/revisions\/562"}],"wp:attachment":[{"href":"https:\/\/therapianaturalis.com\/index.php?rest_route=%2Fwp%2Fv2%2Fmedia&parent=21"}],"curies":[{"name":"wp","href":"https:\/\/api.w.org\/{rel}","templated":true}]}}